{"id":1274,"date":"2024-11-10T23:26:00","date_gmt":"2024-11-10T20:26:00","guid":{"rendered":"https:\/\/evo-ts.com\/public_html\/case-studies-2\/"},"modified":"2024-11-17T01:00:38","modified_gmt":"2024-11-16T22:00:38","slug":"hizmetlerimiz","status":"publish","type":"page","link":"https:\/\/evo-ts.com\/public_html\/hizmetlerimiz\/","title":{"rendered":"Hizmetlerimiz"},"content":{"rendered":"\t\t<div data-elementor-type=\"wp-page\" data-elementor-id=\"1274\" class=\"elementor elementor-1274\">\n\t\t\t\t<div class=\"elementor-element elementor-element-65ebe18 e-flex e-con-boxed e-con e-parent\" data-id=\"65ebe18\" data-element_type=\"container\" data-settings=\"{&quot;background_background&quot;:&quot;classic&quot;}\">\n\t\t\t\t\t<div class=\"e-con-inner\">\n\t\t<div class=\"elementor-element elementor-element-877af47 e-con-full e-flex e-con e-child\" data-id=\"877af47\" data-element_type=\"container\">\n\t\t\t\t<div class=\"elementor-element elementor-element-db9b502 elementor-absolute elementor-widget elementor-widget-heading\" data-id=\"db9b502\" data-element_type=\"widget\" data-settings=\"{&quot;_position&quot;:&quot;absolute&quot;}\" data-widget_type=\"heading.default\">\n\t\t\t\t<div class=\"elementor-widget-container\">\n\t\t\t<h1 class=\"elementor-heading-title elementor-size-default\"><br>Hizmetlerimiz<\/h1>\t\t<\/div>\n\t\t\t\t<\/div>\n\t\t\t\t<\/div>\n\t\t\t\t\t<\/div>\n\t\t\t\t<\/div>\n\t\t<div class=\"elementor-element elementor-element-f5ae9db e-con-full e-flex e-con e-parent\" data-id=\"f5ae9db\" data-element_type=\"container\">\n\t\t<div class=\"elementor-element elementor-element-e9f150c e-con-full e-flex e-con e-child\" data-id=\"e9f150c\" data-element_type=\"container\">\n\t\t\t\t<\/div>\n\t\t<div class=\"elementor-element elementor-element-1e6a62f e-con-full e-flex e-con e-child\" data-id=\"1e6a62f\" data-element_type=\"container\">\n\t\t<div class=\"elementor-element elementor-element-8f70798 e-con-full e-flex e-con e-child\" data-id=\"8f70798\" data-element_type=\"container\">\n\t\t<div class=\"elementor-element elementor-element-18a4e02 e-con-full e-flex e-con e-child\" data-id=\"18a4e02\" data-element_type=\"container\">\n\t\t\t\t<\/div>\n\t\t<div class=\"elementor-element elementor-element-b1653c4 e-con-full e-flex e-con e-child\" data-id=\"b1653c4\" data-element_type=\"container\">\n\t\t<div class=\"elementor-element elementor-element-757a1fb e-flex e-con-boxed e-con e-child\" data-id=\"757a1fb\" data-element_type=\"container\">\n\t\t\t\t\t<div class=\"e-con-inner\">\n\t\t<div class=\"elementor-element elementor-element-9e34c2b e-con-full e-flex e-con e-child\" data-id=\"9e34c2b\" data-element_type=\"container\" data-settings=\"{&quot;background_background&quot;:&quot;classic&quot;}\">\n\t\t\t\t<div class=\"elementor-element elementor-element-1fb407e elementor-widget elementor-widget-heading\" data-id=\"1fb407e\" data-element_type=\"widget\" data-widget_type=\"heading.default\">\n\t\t\t\t<div class=\"elementor-widget-container\">\n\t\t\t<h6 class=\"elementor-heading-title elementor-size-default\">Innovative Strategies<\/h6>\t\t<\/div>\n\t\t\t\t<\/div>\n\t\t\t\t<div class=\"elementor-element elementor-element-68f34fd elementor-widget elementor-widget-heading\" data-id=\"68f34fd\" data-element_type=\"widget\" data-widget_type=\"heading.default\">\n\t\t\t\t<div class=\"elementor-widget-container\">\n\t\t\t<h4 class=\"elementor-heading-title elementor-size-default\">Gelece\u011fe Y\u00f6n Veren AR-GE Projeleri<\/h4>\t\t<\/div>\n\t\t\t\t<\/div>\n\t\t\t\t<div class=\"elementor-element elementor-element-8faadff elementor-widget elementor-widget-text-editor\" data-id=\"8faadff\" data-element_type=\"widget\" data-widget_type=\"text-editor.default\">\n\t\t\t\t<div class=\"elementor-widget-container\">\n\t\t\t\t\t\t\t<p>Yenilik\u00e7i AR-GE projelerimizle sekt\u00f6r\u00fcn ihtiya\u00e7lar\u0131n\u0131 en ileri teknolojilerle bulu\u015fturuyoruz. Bilimsel temellere dayal\u0131 ara\u015ft\u0131rmalarla gelece\u011fin \u00e7\u00f6z\u00fcmlerini geli\u015ftiriyor, i\u015f d\u00fcnyas\u0131nda fark yaratan inovasyonlarla m\u00fc\u015fterilerimize s\u00fcrd\u00fcr\u00fclebilir b\u00fcy\u00fcme sa\u011fl\u0131yoruz.<\/p>\t\t\t\t\t\t<\/div>\n\t\t\t\t<\/div>\n\t\t\t\t<\/div>\n\t\t<div class=\"elementor-element elementor-element-5771756 e-con-full e-flex e-con e-child\" data-id=\"5771756\" data-element_type=\"container\" data-settings=\"{&quot;background_background&quot;:&quot;classic&quot;}\">\n\t\t\t\t<div class=\"elementor-element elementor-element-9332e89 elementor-widget elementor-widget-spacer\" data-id=\"9332e89\" data-element_type=\"widget\" data-widget_type=\"spacer.default\">\n\t\t\t\t<div class=\"elementor-widget-container\">\n\t\t\t\t\t<div class=\"elementor-spacer\">\n\t\t\t<div class=\"elementor-spacer-inner\"><\/div>\n\t\t<\/div>\n\t\t\t\t<\/div>\n\t\t\t\t<\/div>\n\t\t\t\t<\/div>\n\t\t\t\t\t<\/div>\n\t\t\t\t<\/div>\n\t\t<div class=\"elementor-element elementor-element-bb6866f e-flex e-con-boxed e-con e-child\" data-id=\"bb6866f\" data-element_type=\"container\">\n\t\t\t\t\t<div class=\"e-con-inner\">\n\t\t<div class=\"elementor-element elementor-element-89bebb4 e-con-full e-flex e-con e-child\" data-id=\"89bebb4\" data-element_type=\"container\" data-settings=\"{&quot;background_background&quot;:&quot;classic&quot;}\">\n\t\t\t\t<\/div>\n\t\t<div class=\"elementor-element elementor-element-7c69169 e-con-full e-flex e-con e-child\" data-id=\"7c69169\" data-element_type=\"container\" data-settings=\"{&quot;background_background&quot;:&quot;classic&quot;}\">\n\t\t\t\t<div class=\"elementor-element elementor-element-e1fe4c2 elementor-widget elementor-widget-heading\" data-id=\"e1fe4c2\" data-element_type=\"widget\" data-widget_type=\"heading.default\">\n\t\t\t\t<div class=\"elementor-widget-container\">\n\t\t\t<h6 class=\"elementor-heading-title elementor-size-default\">Strategic Insights<\/h6>\t\t<\/div>\n\t\t\t\t<\/div>\n\t\t\t\t<div class=\"elementor-element elementor-element-12a6c51 elementor-widget elementor-widget-heading\" data-id=\"12a6c51\" data-element_type=\"widget\" data-widget_type=\"heading.default\">\n\t\t\t\t<div class=\"elementor-widget-container\">\n\t\t\t<h4 class=\"elementor-heading-title elementor-size-default\">Elektronik ve Bili\u015fimde G\u00fc\u00e7l\u00fc Altyap\u0131<\/h4>\t\t<\/div>\n\t\t\t\t<\/div>\n\t\t\t\t<div class=\"elementor-element elementor-element-1cb4c5d elementor-widget elementor-widget-text-editor\" data-id=\"1cb4c5d\" data-element_type=\"widget\" data-widget_type=\"text-editor.default\">\n\t\t\t\t<div class=\"elementor-widget-container\">\n\t\t\t\t\t\t\t<p>Elektronik devre tasar\u0131m\u0131 ve g\u00fc\u00e7l\u00fc bili\u015fim altyap\u0131s\u0131yla i\u015f s\u00fcre\u00e7lerinizi destekliyoruz. Her zaman g\u00fcncel teknolojiler kullanarak i\u015fletmenizin etkinli\u011fini art\u0131ran, y\u00fcksek performansl\u0131 ve g\u00fcvenilir \u00e7\u00f6z\u00fcmler sunuyoruz<\/p>\t\t\t\t\t\t<\/div>\n\t\t\t\t<\/div>\n\t\t\t\t<\/div>\n\t\t\t\t\t<\/div>\n\t\t\t\t<\/div>\n\t\t<div class=\"elementor-element elementor-element-4a47088 e-flex e-con-boxed e-con e-child\" data-id=\"4a47088\" data-element_type=\"container\">\n\t\t\t\t\t<div class=\"e-con-inner\">\n\t\t<div class=\"elementor-element elementor-element-4167322 e-con-full e-flex e-con e-child\" data-id=\"4167322\" data-element_type=\"container\" data-settings=\"{&quot;background_background&quot;:&quot;classic&quot;}\">\n\t\t\t\t<div class=\"elementor-element elementor-element-e88e4bc elementor-widget elementor-widget-heading\" data-id=\"e88e4bc\" data-element_type=\"widget\" data-widget_type=\"heading.default\">\n\t\t\t\t<div class=\"elementor-widget-container\">\n\t\t\t<h6 class=\"elementor-heading-title elementor-size-default\">Enhance Security<\/h6>\t\t<\/div>\n\t\t\t\t<\/div>\n\t\t\t\t<div class=\"elementor-element elementor-element-8ae8948 elementor-widget elementor-widget-heading\" data-id=\"8ae8948\" data-element_type=\"widget\" data-widget_type=\"heading.default\">\n\t\t\t\t<div class=\"elementor-widget-container\">\n\t\t\t<h4 class=\"elementor-heading-title elementor-size-default\">\u0130leri D\u00fczey G\u00fcvenlik \u00c7\u00f6z\u00fcmleri<\/h4>\t\t<\/div>\n\t\t\t\t<\/div>\n\t\t\t\t<div class=\"elementor-element elementor-element-21696f4 elementor-widget elementor-widget-text-editor\" data-id=\"21696f4\" data-element_type=\"widget\" data-widget_type=\"text-editor.default\">\n\t\t\t\t<div class=\"elementor-widget-container\">\n\t\t\t\t\t\t\t<p>Her i\u015fletmenin kendine \u00f6zg\u00fc ihtiya\u00e7lar\u0131 oldu\u011funu biliyoruz. Bu nedenle, a\u011f g\u00fcvenli\u011fi ve bili\u015fim sistemleri konular\u0131nda ki\u015fiselle\u015ftirilmi\u015f \u00e7\u00f6z\u00fcmler geli\u015ftirerek i\u015fletmenize \u00f6zel g\u00fcvenlik ve verimlilik sa\u011fl\u0131yoruz<\/p>\t\t\t\t\t\t<\/div>\n\t\t\t\t<\/div>\n\t\t\t\t<\/div>\n\t\t<div class=\"elementor-element elementor-element-83940a5 e-con-full e-flex e-con e-child\" data-id=\"83940a5\" data-element_type=\"container\" data-settings=\"{&quot;background_background&quot;:&quot;classic&quot;}\">\n\t\t\t\t<div class=\"elementor-element elementor-element-14cf456 elementor-widget elementor-widget-spacer\" data-id=\"14cf456\" data-element_type=\"widget\" data-widget_type=\"spacer.default\">\n\t\t\t\t<div class=\"elementor-widget-container\">\n\t\t\t\t\t<div class=\"elementor-spacer\">\n\t\t\t<div class=\"elementor-spacer-inner\"><\/div>\n\t\t<\/div>\n\t\t\t\t<\/div>\n\t\t\t\t<\/div>\n\t\t\t\t<\/div>\n\t\t\t\t\t<\/div>\n\t\t\t\t<\/div>\n\t\t\t\t<\/div>\n\t\t\t\t<\/div>\n\t\t\t\t<\/div>\n\t\t\t\t<\/div>\n\t\t\t\t<\/div>\n\t\t","protected":false},"excerpt":{"rendered":"<p>Hizmetlerimiz Innovative Strategies Gelece\u011fe Y\u00f6n Veren AR-GE Projeleri Yenilik\u00e7i AR-GE projelerimizle sekt\u00f6r\u00fcn ihtiya\u00e7lar\u0131n\u0131 en ileri teknolojilerle bulu\u015fturuyoruz. Bilimsel temellere dayal\u0131 ara\u015ft\u0131rmalarla gelece\u011fin \u00e7\u00f6z\u00fcmlerini geli\u015ftiriyor, i\u015f d\u00fcnyas\u0131nda fark yaratan inovasyonlarla m\u00fc\u015fterilerimize s\u00fcrd\u00fcr\u00fclebilir b\u00fcy\u00fcme sa\u011fl\u0131yoruz. Strategic Insights Elektronik ve Bili\u015fimde G\u00fc\u00e7l\u00fc Altyap\u0131 Elektronik devre tasar\u0131m\u0131 ve g\u00fc\u00e7l\u00fc bili\u015fim altyap\u0131s\u0131yla i\u015f s\u00fcre\u00e7lerinizi destekliyoruz. Her zaman g\u00fcncel teknolojiler kullanarak [&hellip;]<\/p>\n","protected":false},"author":2,"featured_media":0,"parent":0,"menu_order":0,"comment_status":"closed","ping_status":"closed","template":"","meta":{"_surecart_dashboard_logo_width":"180px","_surecart_dashboard_show_logo":true,"_surecart_dashboard_navigation_orders":true,"_surecart_dashboard_navigation_invoices":true,"_surecart_dashboard_navigation_subscriptions":true,"_surecart_dashboard_navigation_downloads":true,"_surecart_dashboard_navigation_billing":true,"_surecart_dashboard_navigation_account":true,"site-sidebar-layout":"no-sidebar","site-content-layout":"page-builder","ast-site-content-layout":"","site-content-style":"default","site-sidebar-style":"default","ast-global-header-display":"","ast-banner-title-visibility":"","ast-main-header-display":"","ast-hfb-above-header-display":"","ast-hfb-below-header-display":"","ast-hfb-mobile-header-display":"","site-post-title":"disabled","ast-breadcrumbs-content":"disabled","ast-featured-img":"disabled","footer-sml-layout":"","theme-transparent-header-meta":"enabled","adv-header-id-meta":"","stick-header-meta":"","header-above-stick-meta":"","header-main-stick-meta":"","header-below-stick-meta":"","astra-migrate-meta-layouts":"default","ast-page-background-enabled":"default","ast-page-background-meta":{"desktop":{"background-color":"","background-image":"","background-repeat":"repeat","background-position":"center center","background-size":"auto","background-attachment":"scroll","background-type":"","background-media":"","overlay-type":"","overlay-color":"","overlay-opacity":"","overlay-gradient":""},"tablet":{"background-color":"","background-image":"","background-repeat":"repeat","background-position":"center center","background-size":"auto","background-attachment":"scroll","background-type":"","background-media":"","overlay-type":"","overlay-color":"","overlay-opacity":"","overlay-gradient":""},"mobile":{"background-color":"","background-image":"","background-repeat":"repeat","background-position":"center center","background-size":"auto","background-attachment":"scroll","background-type":"","background-media":"","overlay-type":"","overlay-color":"","overlay-opacity":"","overlay-gradient":""}},"ast-content-background-meta":{"desktop":{"background-color":"var(--ast-global-color-5)","background-image":"","background-repeat":"repeat","background-position":"center center","background-size":"auto","background-attachment":"scroll","background-type":"","background-media":"","overlay-type":"","overlay-color":"","overlay-opacity":"","overlay-gradient":""},"tablet":{"background-color":"var(--ast-global-color-5)","background-image":"","background-repeat":"repeat","background-position":"center center","background-size":"auto","background-attachment":"scroll","background-type":"","background-media":"","overlay-type":"","overlay-color":"","overlay-opacity":"","overlay-gradient":""},"mobile":{"background-color":"var(--ast-global-color-5)","background-image":"","background-repeat":"repeat","background-position":"center center","background-size":"auto","background-attachment":"scroll","background-type":"","background-media":"","overlay-type":"","overlay-color":"","overlay-opacity":"","overlay-gradient":""}},"footnotes":""},"class_list":["post-1274","page","type-page","status-publish","hentry"],"_links":{"self":[{"href":"https:\/\/evo-ts.com\/public_html\/wp-json\/wp\/v2\/pages\/1274","targetHints":{"allow":["GET"]}}],"collection":[{"href":"https:\/\/evo-ts.com\/public_html\/wp-json\/wp\/v2\/pages"}],"about":[{"href":"https:\/\/evo-ts.com\/public_html\/wp-json\/wp\/v2\/types\/page"}],"author":[{"embeddable":true,"href":"https:\/\/evo-ts.com\/public_html\/wp-json\/wp\/v2\/users\/2"}],"replies":[{"embeddable":true,"href":"https:\/\/evo-ts.com\/public_html\/wp-json\/wp\/v2\/comments?post=1274"}],"version-history":[{"count":14,"href":"https:\/\/evo-ts.com\/public_html\/wp-json\/wp\/v2\/pages\/1274\/revisions"}],"predecessor-version":[{"id":1588,"href":"https:\/\/evo-ts.com\/public_html\/wp-json\/wp\/v2\/pages\/1274\/revisions\/1588"}],"wp:attachment":[{"href":"https:\/\/evo-ts.com\/public_html\/wp-json\/wp\/v2\/media?parent=1274"}],"curies":[{"name":"wp","href":"https:\/\/api.w.org\/{rel}","templated":true}]}}