{"id":1207,"date":"2024-11-10T23:01:20","date_gmt":"2024-11-10T20:01:20","guid":{"rendered":"https:\/\/evo-ts.com\/public_html\/about-us\/"},"modified":"2024-11-24T17:28:23","modified_gmt":"2024-11-24T14:28:23","slug":"hakkimizda","status":"publish","type":"page","link":"https:\/\/evo-ts.com\/public_html\/hakkimizda\/","title":{"rendered":"Hakk\u0131m\u0131zda"},"content":{"rendered":"\t\t<div data-elementor-type=\"wp-page\" data-elementor-id=\"1207\" class=\"elementor elementor-1207\">\n\t\t\t\t<div class=\"elementor-element elementor-element-33b11f6 e-flex e-con-boxed e-con e-parent\" data-id=\"33b11f6\" data-element_type=\"container\" data-settings=\"{&quot;background_background&quot;:&quot;classic&quot;}\">\n\t\t\t\t\t<div class=\"e-con-inner\">\n\t\t<div class=\"elementor-element elementor-element-9aaf5bf e-con-full e-flex e-con e-child\" data-id=\"9aaf5bf\" data-element_type=\"container\">\n\t\t\t\t<div class=\"elementor-element elementor-element-938f62d elementor-absolute elementor-widget elementor-widget-heading\" data-id=\"938f62d\" data-element_type=\"widget\" data-settings=\"{&quot;_position&quot;:&quot;absolute&quot;}\" data-widget_type=\"heading.default\">\n\t\t\t\t<div class=\"elementor-widget-container\">\n\t\t\t<h1 class=\"elementor-heading-title elementor-size-default\">Hakk\u0131m\u0131zda<\/h1>\t\t<\/div>\n\t\t\t\t<\/div>\n\t\t\t\t<\/div>\n\t\t\t\t\t<\/div>\n\t\t\t\t<\/div>\n\t\t<div class=\"elementor-element elementor-element-6c2f97e e-flex e-con-boxed e-con e-parent\" data-id=\"6c2f97e\" data-element_type=\"container\">\n\t\t\t\t\t<div class=\"e-con-inner\">\n\t\t\t\t<div class=\"elementor-element elementor-element-c1aa824 elementor-widget elementor-widget-spacer\" data-id=\"c1aa824\" data-element_type=\"widget\" data-widget_type=\"spacer.default\">\n\t\t\t\t<div class=\"elementor-widget-container\">\n\t\t\t\t\t<div class=\"elementor-spacer\">\n\t\t\t<div class=\"elementor-spacer-inner\"><\/div>\n\t\t<\/div>\n\t\t\t\t<\/div>\n\t\t\t\t<\/div>\n\t\t\t\t\t<\/div>\n\t\t\t\t<\/div>\n\t\t<div class=\"elementor-element elementor-element-e10968f e-flex e-con-boxed e-con e-parent\" data-id=\"e10968f\" data-element_type=\"container\">\n\t\t\t\t\t<div class=\"e-con-inner\">\n\t\t<div class=\"elementor-element elementor-element-0a8a9c5 e-con-full e-flex e-con e-child\" data-id=\"0a8a9c5\" data-element_type=\"container\">\n\t\t\t\t<div class=\"elementor-element elementor-element-0d60ddc elementor-widget elementor-widget-heading\" data-id=\"0d60ddc\" data-element_type=\"widget\" data-widget_type=\"heading.default\">\n\t\t\t\t<div class=\"elementor-widget-container\">\n\t\t\t<h6 class=\"elementor-heading-title elementor-size-default\">04<\/h6>\t\t<\/div>\n\t\t\t\t<\/div>\n\t\t\t\t<div class=\"elementor-element elementor-element-f6f3fde elementor-widget elementor-widget-heading\" data-id=\"f6f3fde\" data-element_type=\"widget\" data-widget_type=\"heading.default\">\n\t\t\t\t<div class=\"elementor-widget-container\">\n\t\t\t<h5 class=\"elementor-heading-title elementor-size-default\">About Us<\/h5>\t\t<\/div>\n\t\t\t\t<\/div>\n\t\t\t\t<\/div>\n\t\t<div class=\"elementor-element elementor-element-2783b7b e-con-full e-flex e-con e-child\" data-id=\"2783b7b\" data-element_type=\"container\">\n\t\t\t\t<div class=\"elementor-element elementor-element-55367b0 elementor-widget elementor-widget-heading\" data-id=\"55367b0\" data-element_type=\"widget\" data-widget_type=\"heading.default\">\n\t\t\t\t<div class=\"elementor-widget-container\">\n\t\t\t<h2 class=\"elementor-heading-title elementor-size-default\">B\u0130Z K\u0130M\u0130Z<\/h2>\t\t<\/div>\n\t\t\t\t<\/div>\n\t\t\t\t<\/div>\n\t\t<div class=\"elementor-element elementor-element-1ea436d e-con-full e-flex e-con e-child\" data-id=\"1ea436d\" data-element_type=\"container\">\n\t\t\t\t<\/div>\n\t\t\t\t\t<\/div>\n\t\t\t\t<\/div>\n\t\t<div class=\"elementor-element elementor-element-5c9cdad e-flex e-con-boxed e-con e-parent\" data-id=\"5c9cdad\" data-element_type=\"container\">\n\t\t\t\t\t<div class=\"e-con-inner\">\n\t\t<div class=\"elementor-element elementor-element-fe8977e e-con-full e-flex e-con e-child\" data-id=\"fe8977e\" data-element_type=\"container\">\n\t\t<div class=\"elementor-element elementor-element-f6d65ea e-con-full e-flex e-con e-child\" data-id=\"f6d65ea\" data-element_type=\"container\">\n\t\t<div class=\"elementor-element elementor-element-e77731d e-con-full e-flex e-con e-child\" data-id=\"e77731d\" data-element_type=\"container\">\n\t\t\t\t<\/div>\n\t\t\t\t<\/div>\n\t\t<div class=\"elementor-element elementor-element-3beb83b e-flex e-con-boxed e-con e-child\" data-id=\"3beb83b\" data-element_type=\"container\">\n\t\t\t\t\t<div class=\"e-con-inner\">\n\t\t<div class=\"elementor-element elementor-element-0db4086 e-con-full e-flex e-con e-child\" data-id=\"0db4086\" data-element_type=\"container\">\n\t\t\t\t<div class=\"elementor-element elementor-element-e308aeb elementor-widget elementor-widget-image\" data-id=\"e308aeb\" data-element_type=\"widget\" data-widget_type=\"image.default\">\n\t\t\t\t<div class=\"elementor-widget-container\">\n\t\t\t\t\t\t\t\t\t\t\t\t\t<img fetchpriority=\"high\" decoding=\"async\" width=\"2086\" height=\"2560\" src=\"https:\/\/evo-ts.com\/public_html\/wp-content\/uploads\/2024\/11\/WhatsApp-Gorsel-2024-11-16-saat-00.05.45_988feccf-scaled.jpg\" class=\"attachment-full size-full wp-image-1482\" alt=\"\" srcset=\"https:\/\/evo-ts.com\/public_html\/wp-content\/uploads\/2024\/11\/WhatsApp-Gorsel-2024-11-16-saat-00.05.45_988feccf-scaled.jpg 2086w, https:\/\/evo-ts.com\/public_html\/wp-content\/uploads\/2024\/11\/WhatsApp-Gorsel-2024-11-16-saat-00.05.45_988feccf-245x300.jpg 245w, https:\/\/evo-ts.com\/public_html\/wp-content\/uploads\/2024\/11\/WhatsApp-Gorsel-2024-11-16-saat-00.05.45_988feccf-835x1024.jpg 835w, https:\/\/evo-ts.com\/public_html\/wp-content\/uploads\/2024\/11\/WhatsApp-Gorsel-2024-11-16-saat-00.05.45_988feccf-768x942.jpg 768w, https:\/\/evo-ts.com\/public_html\/wp-content\/uploads\/2024\/11\/WhatsApp-Gorsel-2024-11-16-saat-00.05.45_988feccf-1252x1536.jpg 1252w, https:\/\/evo-ts.com\/public_html\/wp-content\/uploads\/2024\/11\/WhatsApp-Gorsel-2024-11-16-saat-00.05.45_988feccf-1669x2048.jpg 1669w, https:\/\/evo-ts.com\/public_html\/wp-content\/uploads\/2024\/11\/WhatsApp-Gorsel-2024-11-16-saat-00.05.45_988feccf-600x736.jpg 600w\" sizes=\"(max-width: 2086px) 100vw, 2086px\" \/>\t\t\t\t\t\t\t\t\t\t\t\t\t<\/div>\n\t\t\t\t<\/div>\n\t\t\t\t<div class=\"elementor-element elementor-element-14a807b elementor-absolute elementor-widget elementor-widget-heading\" data-id=\"14a807b\" data-element_type=\"widget\" data-settings=\"{&quot;_position&quot;:&quot;absolute&quot;}\" data-widget_type=\"heading.default\">\n\t\t\t\t<div class=\"elementor-widget-container\">\n\t\t\t<h4 class=\"elementor-heading-title elementor-size-default\">Abdullah Bedran<\/h4>\t\t<\/div>\n\t\t\t\t<\/div>\n\t\t\t\t<div class=\"elementor-element elementor-element-a32db2a elementor-absolute elementor-widget elementor-widget-heading\" data-id=\"a32db2a\" data-element_type=\"widget\" data-settings=\"{&quot;_position&quot;:&quot;absolute&quot;}\" data-widget_type=\"heading.default\">\n\t\t\t\t<div class=\"elementor-widget-container\">\n\t\t\t<h6 class=\"elementor-heading-title elementor-size-default\">\nFounder of EVO<\/h6>\t\t<\/div>\n\t\t\t\t<\/div>\n\t\t\t\t<\/div>\n\t\t<div class=\"elementor-element elementor-element-62e468f e-con-full e-flex e-con e-child\" data-id=\"62e468f\" data-element_type=\"container\">\n\t\t\t\t<div class=\"elementor-element elementor-element-499ec47 elementor-widget elementor-widget-text-editor\" data-id=\"499ec47\" data-element_type=\"widget\" data-widget_type=\"text-editor.default\">\n\t\t\t\t<div class=\"elementor-widget-container\">\n\t\t\t\t\t\t\t<p>Teknoloji, g\u00fcn\u00fcm\u00fcz d\u00fcnyas\u0131nda ilerlemenin ve de\u011fi\u015fimin merkezindedir. Teknolojiyi bir yenilik ve \u00e7\u00f6z\u00fcm arac\u0131 olarak g\u00f6ren EVO Technology Solutions olarak, bilgi ve g\u00fcven \u00fczerine in\u015fa etti\u011fimiz ilkelerle sekt\u00f6rde yer al\u0131yoruz. Amac\u0131m\u0131z, m\u00fc\u015fterilerimizin ihtiya\u00e7lar\u0131na uygun, yenilik\u00e7i \u00e7\u00f6z\u00fcmler sunarak onlar\u0131n i\u015f hedeflerini en y\u00fcksek ba\u015far\u0131ya ta\u015f\u0131makt\u0131r.<\/p><p>Ekibimiz, y\u0131llar\u0131n bilgi birikimini \u00e7ocukluk hayallerimizle harmanlayarak teknoloji alan\u0131nda de\u011fer yaratmaya kendini adam\u0131\u015ft\u0131r. EVO Technology Solutions olarak, her projeye amat\u00f6r bir heyecanla ve profesyonel bir bak\u0131\u015f a\u00e7\u0131s\u0131yla yakla\u015f\u0131yoruz. G\u00fc\u00e7l\u00fc teknik altyap\u0131m\u0131z ve alan\u0131nda uzman ekibimizle, markan\u0131z\u0131 bir ad\u0131m \u00f6ne \u00e7\u0131karacak \u00e7\u00f6z\u00fcmler geli\u015ftiriyor, ihtiya\u00e7 duydu\u011funuz teknolojiyi g\u00fcvenle sa\u011fl\u0131yoruz.<\/p><p>Do\u011fru hedef kitleyi belirleyerek, \u00e7ok y\u00f6nl\u00fc analizlerle \u015firketinizi dijital d\u00f6n\u00fc\u015f\u00fcm yolculu\u011funa \u00e7\u0131kar\u0131yor ve i\u015f hayat\u0131n\u0131za katma de\u011fer sa\u011fl\u0131yoruz. EVO Technology Solutions olarak, i\u015f ortaklar\u0131m\u0131zla birlikte inovasyonu payla\u015farak b\u00fcy\u00fcmenin bir par\u00e7as\u0131 olmay\u0131 hedefliyoruz.<\/p>\t\t\t\t\t\t<\/div>\n\t\t\t\t<\/div>\n\t\t\t\t<\/div>\n\t\t\t\t\t<\/div>\n\t\t\t\t<\/div>\n\t\t\t\t<\/div>\n\t\t\t\t\t<\/div>\n\t\t\t\t<\/div>\n\t\t\t\t<\/div>\n\t\t","protected":false},"excerpt":{"rendered":"<p>Hakk\u0131m\u0131zda 04 About Us B\u0130Z K\u0130M\u0130Z Abdullah Bedran Founder of EVO Teknoloji, g\u00fcn\u00fcm\u00fcz d\u00fcnyas\u0131nda ilerlemenin ve de\u011fi\u015fimin merkezindedir. Teknolojiyi bir yenilik ve \u00e7\u00f6z\u00fcm arac\u0131 olarak g\u00f6ren EVO Technology Solutions olarak, bilgi ve g\u00fcven \u00fczerine in\u015fa etti\u011fimiz ilkelerle sekt\u00f6rde yer al\u0131yoruz. Amac\u0131m\u0131z, m\u00fc\u015fterilerimizin ihtiya\u00e7lar\u0131na uygun, yenilik\u00e7i \u00e7\u00f6z\u00fcmler sunarak onlar\u0131n i\u015f hedeflerini en y\u00fcksek ba\u015far\u0131ya ta\u015f\u0131makt\u0131r. Ekibimiz, [&hellip;]<\/p>\n","protected":false},"author":2,"featured_media":0,"parent":0,"menu_order":0,"comment_status":"closed","ping_status":"closed","template":"","meta":{"_surecart_dashboard_logo_width":"180px","_surecart_dashboard_show_logo":true,"_surecart_dashboard_navigation_orders":true,"_surecart_dashboard_navigation_invoices":true,"_surecart_dashboard_navigation_subscriptions":true,"_surecart_dashboard_navigation_downloads":true,"_surecart_dashboard_navigation_billing":true,"_surecart_dashboard_navigation_account":true,"site-sidebar-layout":"no-sidebar","site-content-layout":"page-builder","ast-site-content-layout":"","site-content-style":"default","site-sidebar-style":"default","ast-global-header-display":"","ast-banner-title-visibility":"","ast-main-header-display":"","ast-hfb-above-header-display":"","ast-hfb-below-header-display":"","ast-hfb-mobile-header-display":"","site-post-title":"disabled","ast-breadcrumbs-content":"disabled","ast-featured-img":"disabled","footer-sml-layout":"","theme-transparent-header-meta":"enabled","adv-header-id-meta":"","stick-header-meta":"","header-above-stick-meta":"","header-main-stick-meta":"","header-below-stick-meta":"","astra-migrate-meta-layouts":"default","ast-page-background-enabled":"default","ast-page-background-meta":{"desktop":{"background-color":"","background-image":"","background-repeat":"repeat","background-position":"center center","background-size":"auto","background-attachment":"scroll","background-type":"","background-media":"","overlay-type":"","overlay-color":"","overlay-opacity":"","overlay-gradient":""},"tablet":{"background-color":"","background-image":"","background-repeat":"repeat","background-position":"center center","background-size":"auto","background-attachment":"scroll","background-type":"","background-media":"","overlay-type":"","overlay-color":"","overlay-opacity":"","overlay-gradient":""},"mobile":{"background-color":"","background-image":"","background-repeat":"repeat","background-position":"center center","background-size":"auto","background-attachment":"scroll","background-type":"","background-media":"","overlay-type":"","overlay-color":"","overlay-opacity":"","overlay-gradient":""}},"ast-content-background-meta":{"desktop":{"background-color":"var(--ast-global-color-5)","background-image":"","background-repeat":"repeat","background-position":"center center","background-size":"auto","background-attachment":"scroll","background-type":"","background-media":"","overlay-type":"","overlay-color":"","overlay-opacity":"","overlay-gradient":""},"tablet":{"background-color":"var(--ast-global-color-5)","background-image":"","background-repeat":"repeat","background-position":"center center","background-size":"auto","background-attachment":"scroll","background-type":"","background-media":"","overlay-type":"","overlay-color":"","overlay-opacity":"","overlay-gradient":""},"mobile":{"background-color":"var(--ast-global-color-5)","background-image":"","background-repeat":"repeat","background-position":"center center","background-size":"auto","background-attachment":"scroll","background-type":"","background-media":"","overlay-type":"","overlay-color":"","overlay-opacity":"","overlay-gradient":""}},"footnotes":""},"class_list":["post-1207","page","type-page","status-publish","hentry"],"_links":{"self":[{"href":"https:\/\/evo-ts.com\/public_html\/wp-json\/wp\/v2\/pages\/1207","targetHints":{"allow":["GET"]}}],"collection":[{"href":"https:\/\/evo-ts.com\/public_html\/wp-json\/wp\/v2\/pages"}],"about":[{"href":"https:\/\/evo-ts.com\/public_html\/wp-json\/wp\/v2\/types\/page"}],"author":[{"embeddable":true,"href":"https:\/\/evo-ts.com\/public_html\/wp-json\/wp\/v2\/users\/2"}],"replies":[{"embeddable":true,"href":"https:\/\/evo-ts.com\/public_html\/wp-json\/wp\/v2\/comments?post=1207"}],"version-history":[{"count":40,"href":"https:\/\/evo-ts.com\/public_html\/wp-json\/wp\/v2\/pages\/1207\/revisions"}],"predecessor-version":[{"id":1592,"href":"https:\/\/evo-ts.com\/public_html\/wp-json\/wp\/v2\/pages\/1207\/revisions\/1592"}],"wp:attachment":[{"href":"https:\/\/evo-ts.com\/public_html\/wp-json\/wp\/v2\/media?parent=1207"}],"curies":[{"name":"wp","href":"https:\/\/api.w.org\/{rel}","templated":true}]}}